{"id":15,"date":"2020-08-20T07:29:55","date_gmt":"2020-08-20T07:29:55","guid":{"rendered":"https:\/\/printize3d.es\/?page_id=15"},"modified":"2023-10-12T20:16:18","modified_gmt":"2023-10-12T18:16:18","slug":"home","status":"publish","type":"page","link":"https:\/\/printize3d.es\/","title":{"rendered":"Inicio"},"content":{"rendered":"\n<div class=\"inherit-container-width wp-block-group is-layout-constrained wp-block-group-is-layout-constrained\">\n<div class=\"wp-block-uagb-container uagb-block-ed54e8a3 alignfull uagb-is-root-container\"><div class=\"uagb-container-inner-blocks-wrap\">\n<div class=\"wp-block-uagb-info-box uagb-block-10edda5a uagb-infobox__content-wrap  uagb-infobox-icon-right-title uagb-infobox-right uagb-infobox-image-valign-top\"><div class=\"uagb-ifb-content\"><div class=\"uagb-ifb-right-title-image\"><div class=\"uagb-ifb-title-wrap\"><h3 class=\"uagb-ifb-title-prefix\">Impresi\u00f3n bajo demanda <\/h3><h1 class=\"uagb-ifb-title\">\u00a1Imprime ahora mismo tus dise\u00f1os!<\/h1><\/div><\/div><div class=\"uagb-ifb-button-wrapper wp-block-button\"><a href=\"https:\/\/printize3d.es\/?page_id=656\" class=\"uagb-infobox-cta-link wp-block-button__link\" target=\"_self\" rel=\"noopener noreferrer\" onclick=\"return true;\" alt=\"\"><span class=\"uagb-inline-editing\">Calcula tu precio <\/span><\/a><\/div><\/div><\/div>\n<\/div><\/div>\n<\/div>\n\n\n\n<div class=\"wp-block-uagb-container uagb-block-1af0b16d alignfull uagb-is-root-container\"><div class=\"uagb-container-inner-blocks-wrap\">\n<div class=\"wp-block-uagb-container uagb-block-33ffc423\">\n<div class=\"wp-block-uagb-container uagb-block-fa81ecd6\">\n<div class=\"wp-block-uagb-info-box uagb-block-cdd202a1 uagb-infobox__content-wrap  uagb-infobox-icon-above-title uagb-infobox-image-valign-top\"><div class=\"uagb-ifb-content\"><div class=\"uagb-ifb-icon-wrap\"><svg xmlns=\"https:\/\/www.w3.org\/2000\/svg\" viewBox=\"0 0 512 512\"><path d=\"M352 96C352 110.3 348.9 123.9 343.2 136.2L396 227.4C372.3 252.7 341.9 271.5 307.6 281L256 192H255.1L187.9 309.5C209.4 316.3 232.3 320 256 320C326.7 320 389.8 287.3 430.9 235.1C441.9 222.2 462.1 219.1 475.9 231C489.7 242.1 491.9 262.2 480.8 276C428.1 341.8 346.1 384 256 384C220.6 384 186.6 377.6 155.3 365.9L98.65 463.7C93.95 471.8 86.97 478.4 78.58 482.6L23.16 510.3C18.2 512.8 12.31 512.5 7.588 509.6C2.871 506.7 0 501.5 0 496V440.6C0 432.2 2.228 423.9 6.46 416.5L66.49 312.9C53.66 301.6 41.84 289.3 31.18 276C20.13 262.2 22.34 242.1 36.13 231C49.92 219.1 70.06 222.2 81.12 235.1C86.79 243.1 92.87 249.8 99.34 256.1L168.8 136.2C163.1 123.9 160 110.3 160 96C160 42.98 202.1 0 256 0C309 0 352 42.98 352 96L352 96zM256 128C273.7 128 288 113.7 288 96C288 78.33 273.7 64 256 64C238.3 64 224 78.33 224 96C224 113.7 238.3 128 256 128zM372.1 393.9C405.5 381.1 435.5 363.2 461.8 341L505.5 416.5C509.8 423.9 512 432.2 512 440.6V496C512 501.5 509.1 506.7 504.4 509.6C499.7 512.5 493.8 512.8 488.8 510.3L433.4 482.6C425 478.4 418.1 471.8 413.3 463.7L372.1 393.9z\"><\/path><\/svg><\/div><div class=\"uagb-ifb-title-wrap\"><h5 class=\"uagb-ifb-title\"> Te ayudamos con tu proyecto<\/h5><\/div><p class=\"uagb-ifb-desc\"> Cu\u00e9ntanos qu\u00e9 necesitas<\/p><\/div><\/div>\n<\/div>\n\n\n\n<div class=\"wp-block-uagb-container uagb-block-eed11de3\">\n<div class=\"wp-block-uagb-info-box uagb-block-7769e4fd uagb-infobox__content-wrap  uagb-infobox-icon-above-title uagb-infobox-image-valign-top\"><div class=\"uagb-ifb-content\"><div class=\"uagb-ifb-icon-wrap\"><svg xmlns=\"https:\/\/www.w3.org\/2000\/svg\" viewBox=\"0 0 448 512\"><path d=\"M50.73 58.53C58.86 42.27 75.48 32 93.67 32H208V160H0L50.73 58.53zM240 160V32H354.3C372.5 32 389.1 42.27 397.3 58.53L448 160H240zM448 416C448 451.3 419.3 480 384 480H64C28.65 480 0 451.3 0 416V192H448V416z\"><\/path><\/svg><\/div><div class=\"uagb-ifb-title-wrap\"><h5 class=\"uagb-ifb-title\">Env\u00edos gratuitos<\/h5><\/div><p class=\"uagb-ifb-desc\"> En pedidos superiores a 30 <strong>\u20ac<\/strong><\/p><\/div><\/div>\n<\/div>\n\n\n\n<div class=\"wp-block-uagb-container uagb-block-e9d9c001\">\n<div class=\"wp-block-uagb-info-box uagb-block-6b66c86f uagb-infobox__content-wrap  uagb-infobox-icon-above-title uagb-infobox-image-valign-top\"><div class=\"uagb-ifb-content\"><div class=\"uagb-ifb-icon-wrap\"><svg xmlns=\"https:\/\/www.w3.org\/2000\/svg\" viewBox=\"0 0 512 512\"><path d=\"M464 16c-17.67 0-32 14.31-32 32v74.09C392.1 66.52 327.4 32 256 32C161.5 32 78.59 92.34 49.58 182.2c-5.438 16.81 3.797 34.88 20.61 40.28c16.89 5.5 34.88-3.812 40.3-20.59C130.9 138.5 189.4 96 256 96c50.5 0 96.26 24.55 124.4 64H336c-17.67 0-32 14.31-32 32s14.33 32 32 32h128c17.67 0 32-14.31 32-32V48C496 30.31 481.7 16 464 16zM441.8 289.6c-16.92-5.438-34.88 3.812-40.3 20.59C381.1 373.5 322.6 416 256 416c-50.5 0-96.25-24.55-124.4-64H176c17.67 0 32-14.31 32-32s-14.33-32-32-32h-128c-17.67 0-32 14.31-32 32v144c0 17.69 14.33 32 32 32s32-14.31 32-32v-74.09C119.9 445.5 184.6 480 255.1 480c94.45 0 177.4-60.34 206.4-150.2C467.9 313 458.6 294.1 441.8 289.6z\"><\/path><\/svg><\/div><div class=\"uagb-ifb-title-wrap\"><h5 class=\"uagb-ifb-title\">Garant\u00eda de devoluci\u00f3n<\/h5><\/div><p class=\"uagb-ifb-desc\">Si el art\u00edculo no es como se describe<\/p><\/div><\/div>\n<\/div>\n<\/div>\n<\/div><\/div>\n\n\n\n<div class=\"wp-block-uagb-container uagb-block-3743be5a alignfull uagb-is-root-container\"><div class=\"uagb-container-inner-blocks-wrap\">\n<div class=\"wp-block-uagb-container uagb-block-f211b869\">\n<div class=\"wp-block-uagb-info-box uagb-block-d3d17f42 uagb-infobox__content-wrap  uagb-infobox-icon-above-title uagb-infobox-image-valign-top\"><div class=\"uagb-ifb-content\"><div class=\"uagb-ifb-title-wrap\"><h3 class=\"uagb-ifb-title\">\u00bfTienes una idea y no sabes c\u00f3mo plasmarla para poder imprimirla?<\/h3><\/div><div class=\"uagb-ifb-button-wrapper wp-block-button\"><a href=\"\/?page_id=120\" class=\"uagb-infobox-cta-link wp-block-button__link\" target=\"_self\" rel=\"noopener noreferrer\" onclick=\"return true;\" alt=\"\"><span class=\"uagb-inline-editing\">\u00a1CU\u00c9NTANOSLO!<\/span><\/a><\/div><\/div><\/div>\n<\/div>\n\n\n\n<div class=\"wp-block-uagb-container uagb-block-53e63219\">\n<p>Muchas veces todo empieza con un simple boceto en una servilleta o una idea que a priori nos parece inviable. Nuestra misi\u00f3n es que puedas tener esa idea en tu mano lo m\u00e1s precisa y r\u00e1pidamente posible.<\/p>\n\n\n\n<p>Ponte en contacto con nosotros y cu\u00e9ntanos qu\u00e9 necesitas o ens\u00e9\u00f1anos tu boceto, seguro que podremos imprim\u00edrtelo.<\/p>\n<\/div>\n<\/div><\/div>\n\n\n\n<div class=\"wp-block-uagb-container uagb-block-a8c43e89 alignfull uagb-is-root-container\"><div class=\"uagb-container-inner-blocks-wrap\">\n<h2 class=\"wp-block-heading has-text-align-center has-x-large-font-size\" style=\"margin-bottom:var(--wp--preset--spacing--40);font-style:normal;font-weight:800\"> \u00a1Ya disponibles para comprar! <\/h2>\n\n\n\n<div class=\"wp-block-columns alignwide has-white-color has-text-color has-background is-layout-flex wp-container-15 wp-block-columns-is-layout-flex\" style=\"background-color:#333333;padding-top:1.3rem;padding-right:1.3rem;padding-bottom:1.3rem;padding-left:1.3rem\">\n<div class=\"wp-block-column is-vertically-aligned-center is-layout-flow wp-block-column-is-layout-flow\" style=\"padding-right:var(--wp--preset--spacing--40);padding-left:var(--wp--preset--spacing--40);flex-basis:33.33%\">\n<h2 class=\"wp-block-heading has-text-align-center has-text-color has-x-large-font-size\" style=\"color:#ffffff;font-style:normal;font-weight:700\">\n\t\t\tLos productos populares de esta semana\t\t<\/h2>\n<\/div>\n\n\n\n<div class=\"wp-block-column is-vertically-aligned-center is-layout-flow wp-block-column-is-layout-flow\" style=\"flex-basis:66.66%\">\n<div class=\"wp-block-query is-layout-flow wp-block-query-is-layout-flow\"><ul class=\"columns-3 wp-block-post-template is-layout-grid wp-container-12 wp-block-post-template-is-layout-grid\"><li class=\"wp-block-post post-684 product type-product status-publish product_cat-deco product_cat-freak desktop-align-left tablet-align-left mobile-align-left first instock shipping-taxable purchasable product-type-variable\">\n\n<div class=\"wp-block-group has-background is-vertical is-content-justification-stretch is-layout-flex wp-container-5 wp-block-group-is-layout-flex\" style=\"border-top-left-radius:0px;border-top-right-radius:0px;border-bottom-left-radius:4px;border-bottom-right-radius:4px;background-color:#484848;padding-top:0;padding-right:0;padding-bottom:0;padding-left:0\">\n<div class=\"wp-block-group has-border-color is-vertical is-layout-flex wp-container-3 wp-block-group-is-layout-flex\" style=\"border-color:#ffffff;border-style:solid;border-width:3px;border-top-left-radius:4px;border-top-right-radius:4px;padding-top:0;padding-right:0;padding-bottom:0;padding-left:0\"><div data-block-name=\"woocommerce\/product-image\" data-image-sizing=\"thumbnail\" data-is-descendent-of-query-loop=\"true\" class=\"wc-block-components-product-image wc-block-grid__product-image \" style=\"\">\n\t\t\t\t\t<a href=\"https:\/\/printize3d.es\/?product=baby-yoda-low-poly\" style=\"\"> <img loading=\"lazy\" width=\"300\" height=\"300\" src=\"https:\/\/printize3d.es\/wp-content\/uploads\/woocommerce-placeholder.png\" class=\"woocommerce-placeholder wp-post-image\" alt=\"\" decoding=\"async\" style=\"max-width:none;object-fit:cover;\" srcset=\"https:\/\/printize3d.es\/wp-content\/uploads\/woocommerce-placeholder.png 1200w, https:\/\/printize3d.es\/wp-content\/uploads\/woocommerce-placeholder-300x300.png 300w, https:\/\/printize3d.es\/wp-content\/uploads\/woocommerce-placeholder-1024x1024.png 1024w, https:\/\/printize3d.es\/wp-content\/uploads\/woocommerce-placeholder-150x150.png 150w, https:\/\/printize3d.es\/wp-content\/uploads\/woocommerce-placeholder-768x768.png 768w\" sizes=\"(max-width: 300px) 100vw, 300px\" \/><\/a>\n\t\t\t\t<\/div><\/div>\n\n\n\n<div class=\"wp-block-group has-link-color wp-elements-210274c1de483eae392de3a9deae8c64 is-vertical is-content-justification-left is-layout-flex wp-container-4 wp-block-group-is-layout-flex\" style=\"padding-top:20px;padding-right:20px;padding-bottom:10px;padding-left:20px\"><div data-block-name=\"woocommerce\/product-price\" data-is-descendent-of-query-loop=\"true\" data-style=\"{&quot;typography&quot;:{&quot;fontSize&quot;:&quot;16px&quot;,&quot;fontStyle&quot;:&quot;normal&quot;,&quot;fontWeight&quot;:&quot;700&quot;},&quot;color&quot;:{&quot;text&quot;:&quot;#ffffff&quot;}}\" class=\"wp-block-woocommerce-product-price\"><div class=\"wc-block-components-product-price wc-block-grid__product-price  \" style=\"font-size: 16px; font-style: normal; font-weight: 700; color: #ffffff;\">\n\t\t\t\t\t<span class=\"woocommerce-Price-amount amount\"><bdi>12,00&nbsp;<span class=\"woocommerce-Price-currencySymbol\">&euro;<\/span><\/bdi><\/span> &ndash; <span class=\"woocommerce-Price-amount amount\"><bdi>15,00&nbsp;<span class=\"woocommerce-Price-currencySymbol\">&euro;<\/span><\/bdi><\/span>\n\t\t\t\t<\/div><\/div>\n\n<h3 style=\"color:#ffffff; margin-bottom:0.75rem;margin-top:0; font-size:16px;font-style:normal;font-weight:300;text-decoration:none;\" class=\"has-text-color wp-block-post-title\"><a href=\"https:\/\/printize3d.es\/?product=baby-yoda-low-poly\" target=\"_self\" >Baby yoda low-poly<\/a><\/h3><\/div>\n<\/div>\n\n<\/li><li class=\"wp-block-post post-683 product type-product status-publish product_cat-artilugios product_cat-deco desktop-align-left tablet-align-left mobile-align-left  instock shipping-taxable purchasable product-type-simple\">\n\n<div class=\"wp-block-group has-background is-vertical is-content-justification-stretch is-layout-flex wp-container-8 wp-block-group-is-layout-flex\" style=\"border-top-left-radius:0px;border-top-right-radius:0px;border-bottom-left-radius:4px;border-bottom-right-radius:4px;background-color:#484848;padding-top:0;padding-right:0;padding-bottom:0;padding-left:0\">\n<div class=\"wp-block-group has-border-color is-vertical is-layout-flex wp-container-6 wp-block-group-is-layout-flex\" style=\"border-color:#ffffff;border-style:solid;border-width:3px;border-top-left-radius:4px;border-top-right-radius:4px;padding-top:0;padding-right:0;padding-bottom:0;padding-left:0\"><div data-block-name=\"woocommerce\/product-image\" data-image-sizing=\"thumbnail\" data-is-descendent-of-query-loop=\"true\" class=\"wc-block-components-product-image wc-block-grid__product-image \" style=\"\">\n\t\t\t\t\t<a href=\"https:\/\/printize3d.es\/?product=kit-3-batarangs-soporte\" style=\"\"> <img loading=\"lazy\" width=\"300\" height=\"300\" src=\"https:\/\/printize3d.es\/wp-content\/uploads\/woocommerce-placeholder.png\" class=\"woocommerce-placeholder wp-post-image\" alt=\"\" decoding=\"async\" style=\"max-width:none;object-fit:cover;\" srcset=\"https:\/\/printize3d.es\/wp-content\/uploads\/woocommerce-placeholder.png 1200w, https:\/\/printize3d.es\/wp-content\/uploads\/woocommerce-placeholder-300x300.png 300w, https:\/\/printize3d.es\/wp-content\/uploads\/woocommerce-placeholder-1024x1024.png 1024w, https:\/\/printize3d.es\/wp-content\/uploads\/woocommerce-placeholder-150x150.png 150w, https:\/\/printize3d.es\/wp-content\/uploads\/woocommerce-placeholder-768x768.png 768w\" sizes=\"(max-width: 300px) 100vw, 300px\" \/><\/a>\n\t\t\t\t<\/div><\/div>\n\n\n\n<div class=\"wp-block-group has-link-color wp-elements-210274c1de483eae392de3a9deae8c64 is-vertical is-content-justification-left is-layout-flex wp-container-7 wp-block-group-is-layout-flex\" style=\"padding-top:20px;padding-right:20px;padding-bottom:10px;padding-left:20px\"><div data-block-name=\"woocommerce\/product-price\" data-is-descendent-of-query-loop=\"true\" data-style=\"{&quot;typography&quot;:{&quot;fontSize&quot;:&quot;16px&quot;,&quot;fontStyle&quot;:&quot;normal&quot;,&quot;fontWeight&quot;:&quot;700&quot;},&quot;color&quot;:{&quot;text&quot;:&quot;#ffffff&quot;}}\" class=\"wp-block-woocommerce-product-price\"><div class=\"wc-block-components-product-price wc-block-grid__product-price  \" style=\"font-size: 16px; font-style: normal; font-weight: 700; color: #ffffff;\">\n\t\t\t\t\t<span class=\"woocommerce-Price-amount amount\"><bdi>20,00&nbsp;<span class=\"woocommerce-Price-currencySymbol\">&euro;<\/span><\/bdi><\/span>\n\t\t\t\t<\/div><\/div>\n\n<h3 style=\"color:#ffffff; margin-bottom:0.75rem;margin-top:0; font-size:16px;font-style:normal;font-weight:300;text-decoration:none;\" class=\"has-text-color wp-block-post-title\"><a href=\"https:\/\/printize3d.es\/?product=kit-3-batarangs-soporte\" target=\"_self\" >Kit 3 Batarangs + soporte<\/a><\/h3><\/div>\n<\/div>\n\n<\/li><li class=\"wp-block-post post-659 product type-product status-publish product_cat-sin_categoria pa_p3d_coating-all pa_p3d_cutting_instructions-all pa_p3d_filename-all pa_p3d_infill-all pa_p3d_material-all pa_p3d_model-all pa_p3d_original_url-all pa_p3d_postprocessing-all pa_p3d_printer-all pa_p3d_scale-all pa_p3d_unit-all desktop-align-left tablet-align-left mobile-align-left  instock shipping-taxable purchasable product-type-variable\">\n\n<div class=\"wp-block-group has-background is-vertical is-content-justification-stretch is-layout-flex wp-container-11 wp-block-group-is-layout-flex\" style=\"border-top-left-radius:0px;border-top-right-radius:0px;border-bottom-left-radius:4px;border-bottom-right-radius:4px;background-color:#484848;padding-top:0;padding-right:0;padding-bottom:0;padding-left:0\">\n<div class=\"wp-block-group has-border-color is-vertical is-layout-flex wp-container-9 wp-block-group-is-layout-flex\" style=\"border-color:#ffffff;border-style:solid;border-width:3px;border-top-left-radius:4px;border-top-right-radius:4px;padding-top:0;padding-right:0;padding-bottom:0;padding-left:0\"><div data-block-name=\"woocommerce\/product-image\" data-image-sizing=\"thumbnail\" data-is-descendent-of-query-loop=\"true\" class=\"wc-block-components-product-image wc-block-grid__product-image \" style=\"\">\n\t\t\t\t\t<a href=\"https:\/\/printize3d.es\/?product=impresion-a-demanda\" style=\"\"> <img loading=\"lazy\" width=\"300\" height=\"300\" src=\"https:\/\/printize3d.es\/wp-content\/uploads\/woocommerce-placeholder.png\" class=\"woocommerce-placeholder wp-post-image\" alt=\"\" decoding=\"async\" style=\"max-width:none;object-fit:cover;\" srcset=\"https:\/\/printize3d.es\/wp-content\/uploads\/woocommerce-placeholder.png 1200w, https:\/\/printize3d.es\/wp-content\/uploads\/woocommerce-placeholder-300x300.png 300w, https:\/\/printize3d.es\/wp-content\/uploads\/woocommerce-placeholder-1024x1024.png 1024w, https:\/\/printize3d.es\/wp-content\/uploads\/woocommerce-placeholder-150x150.png 150w, https:\/\/printize3d.es\/wp-content\/uploads\/woocommerce-placeholder-768x768.png 768w\" sizes=\"(max-width: 300px) 100vw, 300px\" \/><\/a>\n\t\t\t\t<\/div><\/div>\n\n\n\n<div class=\"wp-block-group has-link-color wp-elements-210274c1de483eae392de3a9deae8c64 is-vertical is-content-justification-left is-layout-flex wp-container-10 wp-block-group-is-layout-flex\" style=\"padding-top:20px;padding-right:20px;padding-bottom:10px;padding-left:20px\"><div data-block-name=\"woocommerce\/product-price\" data-is-descendent-of-query-loop=\"true\" data-style=\"{&quot;typography&quot;:{&quot;fontSize&quot;:&quot;16px&quot;,&quot;fontStyle&quot;:&quot;normal&quot;,&quot;fontWeight&quot;:&quot;700&quot;},&quot;color&quot;:{&quot;text&quot;:&quot;#ffffff&quot;}}\" class=\"wp-block-woocommerce-product-price\"><div class=\"wc-block-components-product-price wc-block-grid__product-price  \" style=\"font-size: 16px; font-style: normal; font-weight: 700; color: #ffffff;\">\n\t\t\t\t\t<span class=\"woocommerce-Price-amount amount\"><bdi>1,00&nbsp;<span class=\"woocommerce-Price-currencySymbol\">&euro;<\/span><\/bdi><\/span>\n\t\t\t\t<\/div><\/div>\n\n<h3 style=\"color:#ffffff; margin-bottom:0.75rem;margin-top:0; font-size:16px;font-style:normal;font-weight:300;text-decoration:none;\" class=\"has-text-color wp-block-post-title\"><a href=\"https:\/\/printize3d.es\/?product=impresion-a-demanda\" target=\"_self\" >Impresi\u00f3n a demanda<\/a><\/h3><\/div>\n<\/div>\n\n<\/li><\/ul><\/div>\n<\/div>\n<\/div>\n\n\n\n<div class=\"wp-block-buttons alignwide is-content-justification-center is-layout-flex wp-container-16 wp-block-buttons-is-layout-flex\"><\/div>\n<\/div><\/div>\n\n\n\n<div class=\"wp-block-uagb-container uagb-block-a0d1e039 alignfull uagb-is-root-container\"><div class=\"uagb-container-inner-blocks-wrap\">\n<div class=\"wp-block-uagb-container uagb-block-6b2b83d2\">\n<div class=\"wp-block-uagb-info-box uagb-block-39161508 uagb-infobox__content-wrap  uagb-infobox-icon-above-title uagb-infobox-image-valign-top\"><div class=\"uagb-ifb-content\"><div class=\"uagb-ifb-icon-wrap\"><svg xmlns=\"https:\/\/www.w3.org\/2000\/svg\" viewBox=\"0 0 512 512\"><path d=\"M0 256C0 114.6 114.6 0 256 0C397.4 0 512 114.6 512 256C512 397.4 397.4 512 256 512C114.6 512 0 397.4 0 256zM371.8 211.8C382.7 200.9 382.7 183.1 371.8 172.2C360.9 161.3 343.1 161.3 332.2 172.2L224 280.4L179.8 236.2C168.9 225.3 151.1 225.3 140.2 236.2C129.3 247.1 129.3 264.9 140.2 275.8L204.2 339.8C215.1 350.7 232.9 350.7 243.8 339.8L371.8 211.8z\"><\/path><\/svg><\/div><div class=\"uagb-ifb-title-wrap\"><h2 class=\"uagb-ifb-title\">\u00bfInteresado en alguno de nuestros art\u00edculos?<\/h2><\/div><div class=\"uagb-ifb-separator\"><\/div><p class=\"uagb-ifb-desc\">De vez en cuando dejamos que nuestra imaginaci\u00f3n comande las m\u00e1quinas e imprimimos objetos de lo m\u00e1s diversos, desde art\u00edculos de decoraci\u00f3n hasta herramientas funcionales. <br>Solamente imprimimos unidades limitadas, as\u00ed que si has visto alguno que te guste, corre&#8230;<\/p><div class=\"uagb-ifb-button-wrapper wp-block-button\"><a href=\"#\" class=\"uagb-infobox-cta-link wp-block-button__link\" target=\"_self\" rel=\"noopener noreferrer\" onclick=\"return false;\" alt=\"\"><span class=\"uagb-inline-editing\">\u00a1Ve a la tienda!<\/span><\/a><\/div><\/div><\/div>\n<\/div>\n\n\n\n<ul class=\"wp-block-social-links is-content-justification-center is-layout-flex wp-container-17 wp-block-social-links-is-layout-flex\"><li class=\"wp-social-link wp-social-link-instagram  wp-block-social-link\"><a href=\"https:\/\/www.instagram.com\/printize3d\/?next=%2F\" class=\"wp-block-social-link-anchor\"><svg width=\"24\" height=\"24\" viewBox=\"0 0 24 24\" version=\"1.1\" xmlns=\"http:\/\/www.w3.org\/2000\/svg\" aria-hidden=\"true\" focusable=\"false\"><path d=\"M12,4.622c2.403,0,2.688,0.009,3.637,0.052c0.877,0.04,1.354,0.187,1.671,0.31c0.42,0.163,0.72,0.358,1.035,0.673 c0.315,0.315,0.51,0.615,0.673,1.035c0.123,0.317,0.27,0.794,0.31,1.671c0.043,0.949,0.052,1.234,0.052,3.637 s-0.009,2.688-0.052,3.637c-0.04,0.877-0.187,1.354-0.31,1.671c-0.163,0.42-0.358,0.72-0.673,1.035 c-0.315,0.315-0.615,0.51-1.035,0.673c-0.317,0.123-0.794,0.27-1.671,0.31c-0.949,0.043-1.233,0.052-3.637,0.052 s-2.688-0.009-3.637-0.052c-0.877-0.04-1.354-0.187-1.671-0.31c-0.42-0.163-0.72-0.358-1.035-0.673 c-0.315-0.315-0.51-0.615-0.673-1.035c-0.123-0.317-0.27-0.794-0.31-1.671C4.631,14.688,4.622,14.403,4.622,12 s0.009-2.688,0.052-3.637c0.04-0.877,0.187-1.354,0.31-1.671c0.163-0.42,0.358-0.72,0.673-1.035 c0.315-0.315,0.615-0.51,1.035-0.673c0.317-0.123,0.794-0.27,1.671-0.31C9.312,4.631,9.597,4.622,12,4.622 M12,3 C9.556,3,9.249,3.01,8.289,3.054C7.331,3.098,6.677,3.25,6.105,3.472C5.513,3.702,5.011,4.01,4.511,4.511 c-0.5,0.5-0.808,1.002-1.038,1.594C3.25,6.677,3.098,7.331,3.054,8.289C3.01,9.249,3,9.556,3,12c0,2.444,0.01,2.751,0.054,3.711 c0.044,0.958,0.196,1.612,0.418,2.185c0.23,0.592,0.538,1.094,1.038,1.594c0.5,0.5,1.002,0.808,1.594,1.038 c0.572,0.222,1.227,0.375,2.185,0.418C9.249,20.99,9.556,21,12,21s2.751-0.01,3.711-0.054c0.958-0.044,1.612-0.196,2.185-0.418 c0.592-0.23,1.094-0.538,1.594-1.038c0.5-0.5,0.808-1.002,1.038-1.594c0.222-0.572,0.375-1.227,0.418-2.185 C20.99,14.751,21,14.444,21,12s-0.01-2.751-0.054-3.711c-0.044-0.958-0.196-1.612-0.418-2.185c-0.23-0.592-0.538-1.094-1.038-1.594 c-0.5-0.5-1.002-0.808-1.594-1.038c-0.572-0.222-1.227-0.375-2.185-0.418C14.751,3.01,14.444,3,12,3L12,3z M12,7.378 c-2.552,0-4.622,2.069-4.622,4.622S9.448,16.622,12,16.622s4.622-2.069,4.622-4.622S14.552,7.378,12,7.378z M12,15 c-1.657,0-3-1.343-3-3s1.343-3,3-3s3,1.343,3,3S13.657,15,12,15z M16.804,6.116c-0.596,0-1.08,0.484-1.08,1.08 s0.484,1.08,1.08,1.08c0.596,0,1.08-0.484,1.08-1.08S17.401,6.116,16.804,6.116z\"><\/path><\/svg><span class=\"wp-block-social-link-label screen-reader-text\">Instagram<\/span><\/a><\/li><\/ul>\n<\/div><\/div>\n","protected":false},"excerpt":{"rendered":"<p>Muchas veces todo empieza con un simple boceto en una servilleta o una idea que a priori nos parece inviable. Nuestra misi\u00f3n es que puedas tener esa idea en tu mano lo m\u00e1s precisa y r\u00e1pidamente posible. Ponte en contacto con nosotros y cu\u00e9ntanos qu\u00e9 necesitas o ens\u00e9\u00f1anos tu boceto, seguro que podremos imprim\u00edrtelo. \u00a1Ya &hellip;<\/p>\n<p class=\"read-more\"> <a class=\"\" href=\"https:\/\/printize3d.es\/\"> <span class=\"screen-reader-text\">Inicio<\/span> Leer m\u00e1s &raquo;<\/a><\/p>\n","protected":false},"author":1,"featured_media":0,"parent":0,"menu_order":0,"comment_status":"closed","ping_status":"closed","template":"","meta":{"_uag_custom_page_level_css":"","site-sidebar-layout":"default","site-content-layout":"plain-container","ast-site-content-layout":"normal-width-container","site-content-style":"unboxed","site-sidebar-style":"unboxed","ast-global-header-display":"","ast-banner-title-visibility":"","ast-main-header-display":"","ast-hfb-above-header-display":"","ast-hfb-below-header-display":"","ast-hfb-mobile-header-display":"","site-post-title":"disabled","ast-breadcrumbs-content":"","ast-featured-img":"","footer-sml-layout":"","theme-transparent-header-meta":"enabled","adv-header-id-meta":"","stick-header-meta":"","header-above-stick-meta":"","header-main-stick-meta":"","header-below-stick-meta":"","astra-migrate-meta-layouts":"set","footnotes":""},"uagb_featured_image_src":{"full":false,"thumbnail":false,"medium":false,"medium_large":false,"large":false,"1536x1536":false,"2048x2048":false,"woocommerce_thumbnail":false,"woocommerce_single":false,"woocommerce_gallery_thumbnail":false},"uagb_author_info":{"display_name":"printize3d.es","author_link":"https:\/\/printize3d.es\/?author=1"},"uagb_comment_info":0,"uagb_excerpt":"Muchas veces todo empieza con un simple boceto en una servilleta o una idea que a priori nos parece inviable. Nuestra misi\u00f3n es que puedas tener esa idea en tu mano lo m\u00e1s precisa y r\u00e1pidamente posible. Ponte en contacto con nosotros y cu\u00e9ntanos qu\u00e9 necesitas o ens\u00e9\u00f1anos tu boceto, seguro que podremos imprim\u00edrtelo. \u00a1Ya&hellip;","_links":{"self":[{"href":"https:\/\/printize3d.es\/index.php?rest_route=\/wp\/v2\/pages\/15"}],"collection":[{"href":"https:\/\/printize3d.es\/index.php?rest_route=\/wp\/v2\/pages"}],"about":[{"href":"https:\/\/printize3d.es\/index.php?rest_route=\/wp\/v2\/types\/page"}],"author":[{"embeddable":true,"href":"https:\/\/printize3d.es\/index.php?rest_route=\/wp\/v2\/users\/1"}],"replies":[{"embeddable":true,"href":"https:\/\/printize3d.es\/index.php?rest_route=%2Fwp%2Fv2%2Fcomments&post=15"}],"version-history":[{"count":16,"href":"https:\/\/printize3d.es\/index.php?rest_route=\/wp\/v2\/pages\/15\/revisions"}],"predecessor-version":[{"id":704,"href":"https:\/\/printize3d.es\/index.php?rest_route=\/wp\/v2\/pages\/15\/revisions\/704"}],"wp:attachment":[{"href":"https:\/\/printize3d.es\/index.php?rest_route=%2Fwp%2Fv2%2Fmedia&parent=15"}],"curies":[{"name":"wp","href":"https:\/\/api.w.org\/{rel}","templated":true}]}}