{"id":683,"date":"2023-10-12T19:41:01","date_gmt":"2023-10-12T17:41:01","guid":{"rendered":"https:\/\/printize3d.es\/?post_type=product&#038;p=683"},"modified":"2023-10-12T19:43:06","modified_gmt":"2023-10-12T17:43:06","slug":"kit-3-batarangs-soporte","status":"publish","type":"product","link":"https:\/\/printize3d.es\/?product=kit-3-batarangs-soporte","title":{"rendered":"Kit 3 Batarangs + soporte"},"content":{"rendered":"<p>Kit de 3 Batarangs del famoso superh\u00e9roe murci\u00e9lago; con un soporte especialmente dise\u00f1ado para lucirlos como decoraci\u00f3n en tu cuarto o sal\u00f3n.<\/p>\n<p>Impreso en PLA de alta calidad de color negro los Batarangs y Gris el soporte, con un trabajo de postprocesado para texturizar y dejar con un acabado perfecto todos los elementos.<\/p>\n","protected":false},"excerpt":{"rendered":"<p>3 Batarangs y soporte para lucirlos.<\/p>\n","protected":false},"featured_media":0,"comment_status":"open","ping_status":"closed","template":"","meta":{"_uag_custom_page_level_css":"","site-sidebar-layout":"default","site-content-layout":"","ast-site-content-layout":"default","site-content-style":"default","site-sidebar-style":"default","ast-global-header-display":"","ast-banner-title-visibility":"","ast-main-header-display":"","ast-hfb-above-header-display":"","ast-hfb-below-header-display":"","ast-hfb-mobile-header-display":"","site-post-title":"","ast-breadcrumbs-content":"","ast-featured-img":"","footer-sml-layout":"","theme-transparent-header-meta":"default","adv-header-id-meta":"","stick-header-meta":"","header-above-stick-meta":"","header-main-stick-meta":"","header-below-stick-meta":"","astra-migrate-meta-layouts":"set"},"product_cat":[21,20],"product_tag":[],"uagb_featured_image_src":{"full":false,"thumbnail":false,"medium":false,"medium_large":false,"large":false,"1536x1536":false,"2048x2048":false,"woocommerce_thumbnail":false,"woocommerce_single":false,"woocommerce_gallery_thumbnail":false},"uagb_author_info":{"display_name":"printize3d.es","author_link":"https:\/\/printize3d.es\/?author=0"},"uagb_comment_info":5,"uagb_excerpt":"3 Batarangs y soporte para lucirlos.","_links":{"self":[{"href":"https:\/\/printize3d.es\/index.php?rest_route=\/wp\/v2\/product\/683"}],"collection":[{"href":"https:\/\/printize3d.es\/index.php?rest_route=\/wp\/v2\/product"}],"about":[{"href":"https:\/\/printize3d.es\/index.php?rest_route=\/wp\/v2\/types\/product"}],"replies":[{"embeddable":true,"href":"https:\/\/printize3d.es\/index.php?rest_route=%2Fwp%2Fv2%2Fcomments&post=683"}],"wp:attachment":[{"href":"https:\/\/printize3d.es\/index.php?rest_route=%2Fwp%2Fv2%2Fmedia&parent=683"}],"wp:term":[{"taxonomy":"product_cat","embeddable":true,"href":"https:\/\/printize3d.es\/index.php?rest_route=%2Fwp%2Fv2%2Fproduct_cat&post=683"},{"taxonomy":"product_tag","embeddable":true,"href":"https:\/\/printize3d.es\/index.php?rest_route=%2Fwp%2Fv2%2Fproduct_tag&post=683"}],"curies":[{"name":"wp","href":"https:\/\/api.w.org\/{rel}","templated":true}]}}