{"id":684,"date":"2023-10-12T19:50:51","date_gmt":"2023-10-12T17:50:51","guid":{"rendered":"https:\/\/printize3d.es\/?post_type=product&#038;p=684"},"modified":"2023-10-12T20:19:43","modified_gmt":"2023-10-12T18:19:43","slug":"baby-yoda-low-poly","status":"publish","type":"product","link":"https:\/\/printize3d.es\/?product=baby-yoda-low-poly","title":{"rendered":"Baby yoda low-poly"},"content":{"rendered":"<p>\u00bfQuieres un fiel acompa\u00f1ante que te traiga la fuerza en todo momento?<\/p>\n<p>Este Baby Yoda con dise\u00f1o Low-Poly no te defraudar\u00e1 en ning\u00fan momento.<\/p>\n","protected":false},"excerpt":{"rendered":"<p>\u00bfQuieres un fiel acompa\u00f1ante que te traiga la fuerza en todo momento? Este Baby Yoda con dise\u00f1o Low-Poly no te defraudar\u00e1 en ning\u00fan momento.<\/p>\n","protected":false},"featured_media":0,"comment_status":"open","ping_status":"closed","template":"","meta":{"_uag_custom_page_level_css":"","site-sidebar-layout":"default","site-content-layout":"","ast-site-content-layout":"default","site-content-style":"default","site-sidebar-style":"default","ast-global-header-display":"","ast-banner-title-visibility":"","ast-main-header-display":"","ast-hfb-above-header-display":"","ast-hfb-below-header-display":"","ast-hfb-mobile-header-display":"","site-post-title":"","ast-breadcrumbs-content":"","ast-featured-img":"","footer-sml-layout":"","theme-transparent-header-meta":"default","adv-header-id-meta":"","stick-header-meta":"","header-above-stick-meta":"","header-main-stick-meta":"","header-below-stick-meta":"","astra-migrate-meta-layouts":"set"},"product_cat":[20,49],"product_tag":[],"uagb_featured_image_src":{"full":false,"thumbnail":false,"medium":false,"medium_large":false,"large":false,"1536x1536":false,"2048x2048":false,"woocommerce_thumbnail":false,"woocommerce_single":false,"woocommerce_gallery_thumbnail":false},"uagb_author_info":{"display_name":"printize3d.es","author_link":"https:\/\/printize3d.es\/?author=0"},"uagb_comment_info":10,"uagb_excerpt":"\u00bfQuieres un fiel acompa\u00f1ante que te traiga la fuerza en todo momento? Este Baby Yoda con dise\u00f1o Low-Poly no te defraudar\u00e1 en ning\u00fan momento.","_links":{"self":[{"href":"https:\/\/printize3d.es\/index.php?rest_route=\/wp\/v2\/product\/684"}],"collection":[{"href":"https:\/\/printize3d.es\/index.php?rest_route=\/wp\/v2\/product"}],"about":[{"href":"https:\/\/printize3d.es\/index.php?rest_route=\/wp\/v2\/types\/product"}],"replies":[{"embeddable":true,"href":"https:\/\/printize3d.es\/index.php?rest_route=%2Fwp%2Fv2%2Fcomments&post=684"}],"wp:attachment":[{"href":"https:\/\/printize3d.es\/index.php?rest_route=%2Fwp%2Fv2%2Fmedia&parent=684"}],"wp:term":[{"taxonomy":"product_cat","embeddable":true,"href":"https:\/\/printize3d.es\/index.php?rest_route=%2Fwp%2Fv2%2Fproduct_cat&post=684"},{"taxonomy":"product_tag","embeddable":true,"href":"https:\/\/printize3d.es\/index.php?rest_route=%2Fwp%2Fv2%2Fproduct_tag&post=684"}],"curies":[{"name":"wp","href":"https:\/\/api.w.org\/{rel}","templated":true}]}}